{"id":156,"date":"2016-05-09T08:10:00","date_gmt":"2016-05-09T08:10:00","guid":{"rendered":"http:\/\/gedankenstriche.net\/?page_id=156"},"modified":"2025-10-06T12:50:24","modified_gmt":"2025-10-06T12:50:24","slug":"zusammenarbeit","status":"publish","type":"page","link":"http:\/\/gedankenstriche.net\/?page_id=156","title":{"rendered":"Kontakt &amp; Kooperationen"},"content":{"rendered":"\n<p><strong>Graphic Recording, Generative Scribing, Visual Harvesting<\/strong>.<\/p>\n\n\n\n<p><strong>Auf Deutsch und Englisch, analog und online.<\/strong><\/p>\n\n\n\n<p>Gerne entwickele ich ein stimmiges Format f\u00fcr Ihren besonderen Anlass. <\/p>\n\n\n\n<p><strong>Kontakt:<\/strong> info[@]gedankenstriche.net<\/p>\n\n\n\n<p><\/p>\n\n\n\n<p><strong>Live-Zeichnungsprozesse und Visualisierungen entstanden u.a. f\u00fcr und mit<\/strong><\/p>\n\n\n\n<p>Gesellschaft f\u00fcr Systemische Therapie <\/p>\n\n\n\n<p>Philosophiemagazin Sein &amp; Streit, Deutschlandfunk Kultur <\/p>\n\n\n\n<p>Sommerakademie Theater &amp; Therapie des ITT<\/p>\n\n\n\n<p>Martin Gropius Bau <\/p>\n\n\n\n<p>degewo Teamtage<\/p>\n\n\n\n<p>Retreat Natur &amp; Heilung mit Daniel Cremer<\/p>\n\n\n\n<p>Weiterbildung Forumtheater mit Nora Amin, Hochschule f\u00fcr Schauspielkunst Ernst Busch<\/p>\n\n\n\n<p>Performance-Kollektiv Machine to become_<\/p>\n\n\n\n<p>Performance SCRIBE von Leisa Shelton, Tanz im August Festival \/ HAU Berlin <\/p>\n\n\n\n<p>Berlin Mondiale<\/p>\n\n\n\n<p>AUCH Nachbarschaft ist Kunst<\/p>\n\n\n\n<p>EU-Fonds Sozialer Zusammenhalt <\/p>\n\n\n\n<p>Quartiersmanagement Badstra\u00dfe<\/p>\n\n\n\n<p>Theater Aufbau Kreuzberg<\/p>\n\n\n\n<p>Theater o.N. \/ Fratz Festival <\/p>\n\n\n\n<p>Tanzcompany Gruppe Oito<\/p>\n\n\n\n<p>Theaterp\u00e4dagogisches Zentrum Lingen<\/p>\n\n\n\n<p>Dock 11<\/p>\n\n\n\n<p>Weltkindertheaterfestival<\/p>\n\n\n\n<p>\u2026 uvam.<\/p>\n\n\n\n<p><\/p>\n\n\n\n<p><strong>Kunst-Ausstellungen: <\/strong><\/p>\n\n\n\n<p>Hochschule f\u00fcr Schauspielkunst Ernst Busch, 2023: Foyer-Ausstellung Graphic Recording Forumtheater<\/p>\n\n\n\n<p>Gropius Bau, 2021: Ausstellung Grupo Oito: K\u00f6rper Objekt(e) Grenzen &amp; Ecken<\/p>\n\n\n\n<p>Kunsthaus Bethanien, Berlin, 2018: Ausstellung Wir verrecken vor Lachen!<\/p>\n\n\n\n<p>Galerie Tennis, Berlin, 2017: Kunstfestival 48h Neuk\u00f6lln<\/p>\n\n\n\n<p>Kulturschock Zelle, Reutlingen, 2003: Gruppenausstellung K\u00fcnstlerkollektiv VAN<\/p>\n\n\n\n<p><strong>Relevante Weiterbildungen: <\/strong><\/p>\n\n\n\n<p>2025 Regenerative Business Design, Earth Activist Institute<\/p>\n\n\n\n<p>2023 Permaculture Design Certificate mit Starhawk und Alfred Decker, Earth Activist Institute \/ Permakulturhof H\u00e4ger<\/p>\n\n\n\n<p>2020 Levels of Scribing, Generative Scribing mit Kelvy Bird, Presencing Institute<\/p>\n\n\n\n<p><strong>F\u00f6rderungen, Stipendien und Preise:<\/strong><\/p>\n\n\n\n<p>2022 TakeHeart-Stipendium des Fonds Darstellende K\u00fcnste f\u00fcr \u201cHow I lost my fear of dogs. Macht Beziehungen Sichtbar\u201d<\/p>\n\n\n\n<p>2022 TakeHeart-Stipendium des Fonds Darstellende K\u00fcnste f\u00fcr &#8222;Mindscaping Kompliz_innen. Ein performatives Fu\u00dfnoteninstrument&#8220;\u00a0<\/p>\n\n\n\n<p>2021 Sonderpreis Kultur des Augsburger Wissenschaftspreises f\u00fcr Interkulturelle Studien<\/p>\n\n\n\n<p>2021 GVL-Stipendium f\u00fcr &#8222;Draw me (into) a story&#8220;\u00a0<\/p>\n\n\n\n<p>2018 Nomadways Residenz f\u00fcr &#8222;Tree Translator&#8220;<\/p>\n\n\n\n<p><\/p>\n\n\n\n<p><\/p>\n\n\n\n<p><\/p>\n\n\n\n<p><\/p>\n","protected":false},"excerpt":{"rendered":"<p>Graphic Recording, Generative Scribing, Visual Harvesting. Auf Deutsch und Englisch, analog und online. Gerne entwickele ich ein stimmiges Format f\u00fcr Ihren besonderen Anlass. Kontakt: info[@]gedankenstriche.net Live-Zeichnungsprozesse und Visualisierungen entstanden u.a. f\u00fcr und mit Gesellschaft f\u00fcr Systemische Therapie Philosophiemagazin Sein &amp; Streit, Deutschlandfunk Kultur Sommerakademie Theater &amp; Therapie des ITT Martin Gropius Bau degewo Teamtage Retreat [&hellip;]<\/p>\n","protected":false},"author":1,"featured_media":0,"parent":0,"menu_order":0,"comment_status":"closed","ping_status":"closed","template":"","meta":{"_themeisle_gutenberg_block_has_review":false,"_vp_format_video_url":"","_vp_image_focal_point":[],"footnotes":""},"class_list":["post-156","page","type-page","status-publish","hentry","missing-thumbnail"],"_links":{"self":[{"href":"http:\/\/gedankenstriche.net\/index.php?rest_route=\/wp\/v2\/pages\/156","targetHints":{"allow":["GET"]}}],"collection":[{"href":"http:\/\/gedankenstriche.net\/index.php?rest_route=\/wp\/v2\/pages"}],"about":[{"href":"http:\/\/gedankenstriche.net\/index.php?rest_route=\/wp\/v2\/types\/page"}],"author":[{"embeddable":true,"href":"http:\/\/gedankenstriche.net\/index.php?rest_route=\/wp\/v2\/users\/1"}],"replies":[{"embeddable":true,"href":"http:\/\/gedankenstriche.net\/index.php?rest_route=%2Fwp%2Fv2%2Fcomments&post=156"}],"version-history":[{"count":10,"href":"http:\/\/gedankenstriche.net\/index.php?rest_route=\/wp\/v2\/pages\/156\/revisions"}],"predecessor-version":[{"id":220,"href":"http:\/\/gedankenstriche.net\/index.php?rest_route=\/wp\/v2\/pages\/156\/revisions\/220"}],"wp:attachment":[{"href":"http:\/\/gedankenstriche.net\/index.php?rest_route=%2Fwp%2Fv2%2Fmedia&parent=156"}],"curies":[{"name":"wp","href":"https:\/\/api.w.org\/{rel}","templated":true}]}}