{"id":2,"date":"2016-05-10T03:48:21","date_gmt":"2016-05-10T03:48:21","guid":{"rendered":"http:\/\/gedankenstriche.net\/?page_id=2"},"modified":"2025-05-30T13:47:24","modified_gmt":"2025-05-30T13:47:24","slug":"sample-page","status":"publish","type":"page","link":"http:\/\/gedankenstriche.net\/?page_id=2","title":{"rendered":"\u00dcber Gedankenstriche.net"},"content":{"rendered":"\n<p><strong>Gezeichnete Resonanzen und (Live) Illustration. Kreative Pr\u00e4senz, Visualisierung des Wesentlichen. <\/strong><\/p>\n\n\n\n<p id=\"block-205df47e-9f87-4ccd-94ab-426519405b9f\"><\/p>\n\n\n<div class=\"wp-block-image\">\n<figure class=\"alignright size-full is-resized\"><img loading=\"lazy\" decoding=\"async\" width=\"600\" height=\"900\" src=\"http:\/\/gedankenstriche.net\/wp-content\/uploads\/2025\/05\/1-Happy-Graphic-Nora.jpg\" alt=\"\" class=\"wp-image-146\" style=\"width:279px;height:auto\" srcset=\"http:\/\/gedankenstriche.net\/wp-content\/uploads\/2025\/05\/1-Happy-Graphic-Nora.jpg 600w, http:\/\/gedankenstriche.net\/wp-content\/uploads\/2025\/05\/1-Happy-Graphic-Nora-200x300.jpg 200w, http:\/\/gedankenstriche.net\/wp-content\/uploads\/2025\/05\/1-Happy-Graphic-Nora-500x750.jpg 500w, http:\/\/gedankenstriche.net\/wp-content\/uploads\/2025\/05\/1-Happy-Graphic-Nora-400x600.jpg 400w\" sizes=\"auto, (max-width: 600px) 100vw, 600px\" \/><\/figure><\/div>\n\n\n<p>Gedankenstriche ist lebendig durch die Kulturwissenschaftlerin, Dramaturgin und forschende K\u00fcnstlerin <a href=\"http:\/\/www.nora-haakh.de\">Dr. Nora Haakh<\/a>. <\/p>\n\n\n\n<p>Seit 2017 entwickelt sie individuelle visuelle Aufzeichnungsformate und kreative Interaktionsm\u00f6glichkeiten f\u00fcr Konferenzen, Workshops, Retreats, performative Events und andere besondere Anl\u00e4sse.<\/p>\n\n\n\n<p>Durch den Live-Zeichnungsprozess k\u00f6nnen Informationen originell dokumentiert sowie unsichtbare Verbindungen, Bewegungen, Ver\u00e4nderungen und Beziehungen auch komplexer Systeme einf\u00fchlsam und einpr\u00e4gsam erfassbar gemacht werden.<\/p>\n\n\n\n<p>Besonders viel Freude machen Kontexte, in denen es etwas zu Sehen gibt, und au\u00dferdem etwas passiert, was f\u00fcr die Augen unsichtbar ist, aber kreativ sichtbar gemacht werden kann. <\/p>\n\n\n\n<p><\/p>\n\n\n\n<p><\/p>\n\n\n\n<p><\/p>\n\n\n\n<p><\/p>\n\n\n\n<p><\/p>\n","protected":false},"excerpt":{"rendered":"<p>Gezeichnete Resonanzen und (Live) Illustration. Kreative Pr\u00e4senz, Visualisierung des Wesentlichen. Gedankenstriche ist lebendig durch die Kulturwissenschaftlerin, Dramaturgin und forschende K\u00fcnstlerin Dr. Nora Haakh. Seit 2017 entwickelt sie individuelle visuelle Aufzeichnungsformate und kreative Interaktionsm\u00f6glichkeiten f\u00fcr Konferenzen, Workshops, Retreats, performative Events und andere besondere Anl\u00e4sse. Durch den Live-Zeichnungsprozess k\u00f6nnen Informationen originell dokumentiert sowie unsichtbare Verbindungen, Bewegungen, Ver\u00e4nderungen [&hellip;]<\/p>\n","protected":false},"author":1,"featured_media":0,"parent":0,"menu_order":0,"comment_status":"closed","ping_status":"open","template":"","meta":{"_themeisle_gutenberg_block_has_review":false,"_vp_format_video_url":"","_vp_image_focal_point":[],"footnotes":""},"class_list":["post-2","page","type-page","status-publish","hentry","missing-thumbnail"],"_links":{"self":[{"href":"http:\/\/gedankenstriche.net\/index.php?rest_route=\/wp\/v2\/pages\/2","targetHints":{"allow":["GET"]}}],"collection":[{"href":"http:\/\/gedankenstriche.net\/index.php?rest_route=\/wp\/v2\/pages"}],"about":[{"href":"http:\/\/gedankenstriche.net\/index.php?rest_route=\/wp\/v2\/types\/page"}],"author":[{"embeddable":true,"href":"http:\/\/gedankenstriche.net\/index.php?rest_route=\/wp\/v2\/users\/1"}],"replies":[{"embeddable":true,"href":"http:\/\/gedankenstriche.net\/index.php?rest_route=%2Fwp%2Fv2%2Fcomments&post=2"}],"version-history":[{"count":8,"href":"http:\/\/gedankenstriche.net\/index.php?rest_route=\/wp\/v2\/pages\/2\/revisions"}],"predecessor-version":[{"id":200,"href":"http:\/\/gedankenstriche.net\/index.php?rest_route=\/wp\/v2\/pages\/2\/revisions\/200"}],"wp:attachment":[{"href":"http:\/\/gedankenstriche.net\/index.php?rest_route=%2Fwp%2Fv2%2Fmedia&parent=2"}],"curies":[{"name":"wp","href":"https:\/\/api.w.org\/{rel}","templated":true}]}}